{"id":6541,"date":"2021-03-31T14:36:27","date_gmt":"2021-03-31T12:36:27","guid":{"rendered":"https:\/\/www.eco-performance.eu\/?page_id=6541"},"modified":"2021-03-31T14:41:39","modified_gmt":"2021-03-31T12:41:39","slug":"demande-envoyee","status":"publish","type":"page","link":"https:\/\/www.eco-performance.eu\/?page_id=6541","title":{"rendered":"Demande envoy\u00e9e"},"content":{"rendered":"<div data-colibri-id=\"6541-c1\" class=\"style-308 style-local-6541-c1 position-relative\">\r\n  <!---->\r\n  <div data-colibri-component=\"section\" data-colibri-id=\"6541-c2\" id=\"contact\" class=\"h-section h-section-global-spacing d-flex align-items-lg-center align-items-md-center align-items-center style-309 style-local-6541-c2 position-relative\">\r\n    <div class=\"background-wrapper\">\r\n      <div class=\"background-layer background-layer-media-container-lg\">\r\n        <!---->\r\n        <div class=\"overlay-layer\">\r\n          <div class=\"overlay-image-layer\" style=\"background-color: rgb(12, 20, 22); opacity: 0.5;\"><\/div>\r\n        <\/div>\r\n      <\/div>\r\n      <div class=\"background-layer background-layer-media-container-md\">\r\n        <!---->\r\n        <div class=\"overlay-layer\">\r\n          <div class=\"overlay-image-layer\" style=\"background-color: rgb(12, 20, 22); opacity: 0.5;\"><\/div>\r\n        <\/div>\r\n      <\/div>\r\n      <div class=\"background-layer background-layer-media-container\">\r\n        <!---->\r\n        <div class=\"overlay-layer\">\r\n          <div class=\"overlay-image-layer\" style=\"background-color: rgb(12, 20, 22); opacity: 0.5;\"><\/div>\r\n        <\/div>\r\n      <\/div>\r\n    <\/div>\r\n    <!---->\r\n    <div class=\"h-section-grid-container h-section-boxed-container\">\r\n      <!---->\r\n      <div data-colibri-id=\"6541-c3\" class=\"h-row-container gutters-row-lg-1 gutters-row-md-1 gutters-row-2 gutters-row-v-lg-1 gutters-row-v-md-1 gutters-row-v-2 style-310 style-local-6541-c3 position-relative\">\r\n        <!---->\r\n        <div class=\"h-row justify-content-lg-center justify-content-md-center justify-content-center align-items-lg-stretch align-items-md-stretch align-items-stretch gutters-col-lg-1 gutters-col-md-1 gutters-col-2 gutters-col-v-lg-1 gutters-col-v-md-1 gutters-col-v-2\">\r\n          <!---->\r\n          <div class=\"h-column h-column-container d-flex h-col-lg-auto h-col-md-auto h-col-auto style-311-outer style-local-6541-c4-outer\">\r\n            <div data-colibri-id=\"6541-c4\" class=\"d-flex h-flex-basis h-column__inner h-px-lg-0 h-px-md-0 h-px-0 v-inner-lg-0 v-inner-md-0 v-inner-0 style-311 style-local-6541-c4 position-relative\">\r\n              <!---->\r\n              <!---->\r\n              <div class=\"w-100 h-y-container h-column__content h-column__v-align flex-basis-100 align-self-lg-start align-self-md-start align-self-start\">\r\n                <!---->\r\n                <div data-colibri-id=\"6541-c5\" class=\"h-row-container gutters-row-lg-0 gutters-row-md-0 gutters-row-0 gutters-row-v-lg-0 gutters-row-v-md-0 gutters-row-v-0 style-312 style-local-6541-c5 position-relative\">\r\n                  <!---->\r\n                  <div class=\"h-row justify-content-lg-center justify-content-md-center justify-content-center align-items-lg-stretch align-items-md-stretch align-items-stretch gutters-col-lg-0 gutters-col-md-0 gutters-col-0 gutters-col-v-lg-0 gutters-col-v-md-0 gutters-col-v-0\">\r\n                    <!---->\r\n                    <div class=\"h-column h-column-container d-flex h-col-lg-auto h-col-md-auto h-col-auto style-313-outer style-local-6541-c6-outer\">\r\n                      <div data-colibri-id=\"6541-c6\" class=\"d-flex h-flex-basis h-column__inner h-px-lg-0 h-px-md-0 h-px-0 v-inner-lg-0 v-inner-md-0 v-inner-0 style-313 style-local-6541-c6 position-relative\">\r\n                        <!---->\r\n                        <!---->\r\n                        <div class=\"w-100 h-y-container h-column__content h-column__v-align flex-basis-100 align-self-lg-center align-self-md-center align-self-center\">\r\n                          <!---->\r\n                          <div data-colibri-id=\"6541-c7\" class=\"h-global-transition-all h-heading style-314 style-local-6541-c7 position-relative h-element\">\r\n                            <!---->\r\n                            <div class=\"h-heading__outer style-314 style-local-6541-c7\">\r\n                              <!---->\r\n                              <!---->\r\n                              <h3 class=\"\">Contactez-nous<\/h3>\r\n                            <\/div>\r\n                          <\/div>\r\n                          <div data-colibri-id=\"6541-c8\" class=\"h-icon style-315 style-local-6541-c8 position-relative h-element\">\r\n                            <!----><span class=\"h-svg-icon h-icon__icon style-315-icon style-local-6541-c8-icon\"><!--Icon by Font Awesome (https:\/\/fontawesome.com)--><svg version=\"1.1\" xmlns=\"http:\/\/www.w3.org\/2000\/svg\" xmlns:xlink=\"http:\/\/www.w3.org\/1999\/xlink\" id=\"comments\" viewBox=\"0 0 1792 1896.0833\"><path d=\"M1408 768q0 139-94 257t-256.5 186.5T704 1280q-86 0-176-16-124 88-278 128-36 9-86 16h-3q-11 0-20.5-8t-11.5-21q-1-3-1-6.5t.5-6.5 2-6l2.5-5 3.5-5.5 4-5 4.5-5 4-4.5q5-6 23-25t26-29.5 22.5-29 25-38.5 20.5-44q-124-72-195-177T0 768q0-139 94-257t256.5-186.5T704 256t353.5 68.5T1314 511t94 257zm384 256q0 120-71 224.5T1526 1425q10 24 20.5 44t25 38.5 22.5 29 26 29.5 23 25q1 1 4 4.5t4.5 5 4 5 3.5 5.5l2.5 5 2 6 .5 6.5-1 6.5q-3 14-13 22t-22 7q-50-7-86-16-154-40-278-128-90 16-176 16-271 0-472-132 58 4 88 4 161 0 309-45t264-129q125-92 192-212t67-254q0-77-23-152 129 71 204 178t75 230z\"><\/path><\/svg><\/span><\/div>\r\n                          <div\r\n                            data-colibri-id=\"6541-c9\" class=\"h-global-transition-all h-heading style-316 style-local-6541-c9 position-relative h-element\">\r\n                            <!---->\r\n                            <div class=\"h-heading__outer style-316 style-local-6541-c9\">\r\n                              <!---->\r\n                              <!---->\r\n                              <h5 class=\"\">81\/83 RUE ELIS\u00c9E RECLUS\r\n                                <br>69150 DECINES CHARPIEU\r\n                                <br>\r\n                                <br>04 72 84 91 85<\/h5>\r\n                            <\/div>\r\n                        <\/div>\r\n                        <div data-colibri-id=\"6541-c10\" class=\"style-317 style-local-6541-c10 position-relative h-element\">\r\n                          <!---->\r\n                          <div class=\"d-flex flex-wrap h-social-icons justify-content-lg-center justify-content-md-center justify-content-center\">\r\n                            <div class=\"social-icon-container d-inline-flex\">\r\n                              <a href=\"https:\/\/www.facebook.com\/Eco-performance-121518313130882\" h-use-smooth-scroll=\"true\">\r\n                                <div class=\"icon-container h-social-icon h-global-transition\">\r\n                                  <div class=\"h-icon-svg\" style=\"width: 100%; height: 100%;\">\r\n                                    <!--Icon by Font Awesome (https:\/\/fontawesome.com)-->\r\n                                    <svg version=\"1.1\" xmlns=\"http:\/\/www.w3.org\/2000\/svg\" xmlns:xlink=\"http:\/\/www.w3.org\/1999\/xlink\" id=\"facebook-square\" viewBox=\"0 0 1536 1896.0833\">\r\n                                      <path d=\"M1248 128q119 0 203.5 84.5T1536 416v960q0 119-84.5 203.5T1248 1664h-188v-595h199l30-232h-229V689q0-56 23.5-84t91.5-28l122-1V369q-63-9-178-9-136 0-217.5 80T820 666v171H620v232h200v595H288q-119 0-203.5-84.5T0 1376V416q0-119 84.5-203.5T288 128h960z\"><\/path>\r\n                                    <\/svg>\r\n                                  <\/div>\r\n                                <\/div>\r\n                              <\/a>\r\n                            <\/div>\r\n                            <div class=\"social-icon-container d-inline-flex\">\r\n                              <a href=\"https:\/\/www.instagram.com\/ecoperformancefrance\/\" h-use-smooth-scroll=\"true\">\r\n                                <div class=\"icon-container h-social-icon h-global-transition\">\r\n                                  <div class=\"h-icon-svg\" style=\"width: 100%; height: 100%;\">\r\n                                    <!--Icon by Socicon (http:\/\/www.socicon.com)-->\r\n                                    <svg version=\"1.1\" xmlns=\"http:\/\/www.w3.org\/2000\/svg\" viewBox=\"0 0 1500 1500\">\r\n\r\n                                      <path d=\"M750 134.766c202.148 0 222.656 2.93 301.758 5.859 76.172 2.93 114.258 14.648 140.625 23.438 35.156 14.648 61.523 32.227 84.961 55.664 26.367 26.367 43.945 52.734 55.664 84.961 11.719 29.297 23.438 67.383 26.367 140.625 2.93 82.031 5.859 102.539 5.859 304.688s-2.93 222.656-5.859 301.758c-2.93 76.172-14.648 114.258-23.438 140.625-14.648 35.156-32.227 61.523-55.664 84.961-26.367 26.367-52.734 43.945-84.961 55.664-29.297 11.719-67.383 23.438-140.625 26.367-82.031 2.93-102.539 5.859-304.688 5.859s-222.656-2.93-301.758-5.859c-76.172-2.93-114.258-14.648-140.625-23.438-35.156-14.648-61.523-32.227-84.961-55.664-26.367-26.367-43.945-52.734-55.664-84.961-11.719-29.297-23.438-67.383-26.367-140.625-2.93-82.031-5.859-102.539-5.859-304.688s2.93-222.656 5.859-301.758c2.93-76.172 14.648-114.258 23.438-140.625 14.648-35.156 32.227-61.523 55.664-84.961 26.367-26.367 52.734-43.945 84.961-55.664 29.297-11.719 67.383-23.438 140.625-26.367 82.031-2.93 102.539-5.859 304.688-5.859M750 0c-205.078 0-228.516 2.93-307.617 5.859-82.031 2.93-137.695 14.648-181.641 32.227-49.805 20.508-93.75 46.875-134.766 87.891s-67.383 84.961-87.891 134.766c-17.578 46.875-29.297 99.609-32.227 181.641-2.93 79.102-5.859 102.539-5.859 307.617s2.93 228.516 5.859 307.617c2.93 82.031 14.648 137.695 32.227 181.641 20.508 49.805 46.875 93.75 87.891 134.766s84.961 67.383 134.766 87.891c46.875 17.578 99.609 29.297 181.641 32.227 79.102 2.93 102.539 5.859 307.617 5.859s228.516-2.93 307.617-5.859c82.031-2.93 137.695-14.648 181.641-32.227 49.805-20.508 93.75-46.875 134.766-87.891s67.383-84.961 87.891-134.766c17.578-46.875 29.297-99.609 32.227-181.641 2.93-79.102 5.859-102.539 5.859-307.617s-2.93-228.516-5.859-307.617c-2.93-82.031-14.648-137.695-32.227-181.641-20.508-49.805-46.875-93.75-87.891-134.766s-84.961-67.383-134.766-87.891c-46.875-17.578-99.609-29.297-181.641-32.227-79.102-2.93-102.539-5.859-307.617-5.859zM750 363.281c-213.867 0-386.719 172.852-386.719 386.719s172.852 386.719 386.719 386.719c213.867 0 386.719-172.852 386.719-386.719s-172.852-386.719-386.719-386.719zM750 1001.953c-137.695 0-251.953-114.258-251.953-251.953s114.258-251.953 251.953-251.953c137.695 0 251.953 114.258 251.953 251.953s-114.258 251.953-251.953 251.953zM1239.258 348.633c0 49.805-38.086 90.82-87.891 90.82s-90.82-41.016-90.82-90.82c0-49.805 41.016-87.891 90.82-87.891s87.891 38.086 87.891 87.891z\"><\/path>\r\n                                    <\/svg>\r\n                                  <\/div>\r\n                                <\/div>\r\n                              <\/a>\r\n                            <\/div>\r\n                            <div class=\"social-icon-container d-inline-flex\">\r\n                              <a href=\"https:\/\/www.youtube.com\/channel\/UCm0ydGAflXzTYfLYGyZlLgA\" h-use-smooth-scroll=\"true\">\r\n                                <div class=\"icon-container h-social-icon h-global-transition\">\r\n                                  <div class=\"h-icon-svg\" style=\"width: 100%; height: 100%;\">\r\n                                    <!--Icon by Socicon (http:\/\/www.socicon.com)-->\r\n                                    <svg version=\"1.1\" xmlns=\"http:\/\/www.w3.org\/2000\/svg\" viewBox=\"0 0 1500 1500\">\r\n\r\n                                      <path d=\"M1485.352 451.172c0 0-14.648-105.469-58.594-149.414-58.594-61.523-123.047-61.523-152.344-64.453-208.008-14.648-524.414-14.648-524.414-14.648v0c0 0-316.406 0-524.414 14.648-29.297 2.93-93.75 2.93-152.344 64.453-43.945 43.945-58.594 149.414-58.594 149.414s-14.648 120.117-14.648 240.234v114.258c0 123.047 14.648 243.164 14.648 243.164s14.648 102.539 58.594 149.414c58.594 58.594 134.766 58.594 166.992 64.453 120.117 11.719 509.766 14.648 509.766 14.648s316.406 0 524.414-14.648c29.297-2.93 93.75-5.859 152.344-64.453 43.945-46.875 58.594-149.414 58.594-149.414s14.648-120.117 14.648-243.164v-114.258c0-120.117-14.648-240.234-14.648-240.234zM952.148 761.719v0l-354.492 184.57v-421.875l404.297 210.938z\"><\/path>\r\n                                    <\/svg>\r\n                                  <\/div>\r\n                                <\/div>\r\n                              <\/a>\r\n                            <\/div>\r\n                          <\/div>\r\n                        <\/div>\r\n                      <\/div>\r\n                    <\/div>\r\n                  <\/div>\r\n                  <div class=\"h-column h-column-container d-flex h-col-lg-auto h-col-md-auto h-col-auto style-318-outer style-local-6541-c11-outer\">\r\n                    <div data-colibri-id=\"6541-c11\" class=\"d-flex h-flex-basis h-column__inner h-px-lg-2 h-px-md-2 h-px-2 v-inner-lg-2 v-inner-md-2 v-inner-2 style-318 style-local-6541-c11 position-relative\">\r\n                      <!---->\r\n                      <!---->\r\n                      <div class=\"w-100 h-y-container h-column__content h-column__v-align flex-basis-100 align-self-lg-center align-self-md-center align-self-center\">\r\n                        <!---->\r\n                        <div data-colibri-id=\"6541-c18\" class=\"d-block style-325 style-local-6541-c18 position-relative h-element\">\r\n                          <!---->\r\n                          <div class=\"h-image__frame-container-outer\">\r\n                            <div class=\"h-image__frame-container\">\r\n                              <!---->\r\n                              <!---->\r\n                              <img loading=\"lazy\" decoding=\"async\" width=\"32\" height=\"32\" src=\"https:\/\/www.eco-performance.eu\/wp-content\/uploads\/2021\/03\/cropped-check.png\" class=\"wp-image-6547 style-325-image style-local-6541-c18-image\" alt=\"check\" \/>\r\n                              <div class=\"h-image__frame h-hide-lg h-hide-md h-hide-sm style-325-frameImage style-local-6541-c18-frameImage\"><\/div>\r\n                            <\/div>\r\n                          <\/div>\r\n                        <\/div>\r\n                        <div data-colibri-id=\"6541-c17\" class=\"h-text h-text-component style-324 style-local-6541-c17 position-relative h-element\">\r\n                          <!---->\r\n                          <!---->\r\n                          <div class=\"\">\r\n                            <p>Votre demande a bien \u00e9t\u00e9 envoy\u00e9e, nous vous recontacterons d\u00e8s que possible.<\/p>\r\n                          <\/div>\r\n                        <\/div>\r\n                      <\/div>\r\n                    <\/div>\r\n                  <\/div>\r\n                <\/div>\r\n              <\/div>\r\n            <\/div>\r\n          <\/div>\r\n        <\/div>\r\n      <\/div>\r\n    <\/div>\r\n  <\/div>\r\n<\/div>\r\n<div data-colibri-component=\"section\" data-colibri-id=\"6541-c13\" id=\"custom\" class=\"h-section h-section-global-spacing d-flex align-items-lg-center align-items-md-center align-items-center style-320 style-local-6541-c13 position-relative\">\r\n  <!---->\r\n  <!---->\r\n  <div class=\"h-section-grid-container h-section-boxed-container\">\r\n    <!---->\r\n    <div data-colibri-id=\"6541-c14\" class=\"h-row-container gutters-row-lg-0 gutters-row-md-0 gutters-row-0 gutters-row-v-lg-0 gutters-row-v-md-0 gutters-row-v-0 style-321 style-local-6541-c14 position-relative\">\r\n      <!---->\r\n      <div class=\"h-row justify-content-lg-center justify-content-md-center justify-content-center align-items-lg-stretch align-items-md-stretch align-items-stretch gutters-col-lg-0 gutters-col-md-0 gutters-col-0 gutters-col-v-lg-0 gutters-col-v-md-0 gutters-col-v-0\">\r\n        <!---->\r\n        <div class=\"h-column h-column-container d-flex h-col-lg-12 h-col-md-12 h-col-12 style-322-outer style-local-6541-c15-outer\">\r\n          <div data-colibri-id=\"6541-c15\" class=\"d-flex h-flex-basis h-column__inner h-px-lg-0 h-px-md-0 h-px-0 v-inner-lg-0 v-inner-md-0 v-inner-0 style-322 style-local-6541-c15 position-relative\">\r\n            <!---->\r\n            <!---->\r\n            <div class=\"w-100 h-y-container h-column__content h-column__v-align flex-basis-100 align-self-lg-center align-self-md-center align-self-center\">\r\n              <!---->\r\n              <div data-colibri-id=\"6541-c16\" class=\"d-block style-323 style-local-6541-c16 position-relative h-element\">\r\n                <!---->\r\n                <div class=\"h-image__frame-container-outer\">\r\n                  <div class=\"h-image__frame-container\">\r\n                    <!---->\r\n                    <!---->\r\n                    <img loading=\"lazy\" decoding=\"async\" width=\"1913\" height=\"872\" src=\"https:\/\/www.eco-performance.eu\/wp-content\/uploads\/2021\/01\/cropped-Sans-titre.png\" class=\"wp-image-5769 style-323-image style-local-6541-c16-image\" alt=\"Eco-performance sp\u00e9cialiste des travaux d'\u00e9nergies de votre logement.\" srcset=\"https:\/\/www.eco-performance.eu\/wp-content\/uploads\/2021\/01\/cropped-Sans-titre.png 1913w, https:\/\/www.eco-performance.eu\/wp-content\/uploads\/2021\/01\/cropped-Sans-titre-300x137.png 300w, https:\/\/www.eco-performance.eu\/wp-content\/uploads\/2021\/01\/cropped-Sans-titre-1024x467.png 1024w, https:\/\/www.eco-performance.eu\/wp-content\/uploads\/2021\/01\/cropped-Sans-titre-768x350.png 768w, https:\/\/www.eco-performance.eu\/wp-content\/uploads\/2021\/01\/cropped-Sans-titre-1536x700.png 1536w\" sizes=\"auto, (max-width: 1913px) 100vw, 1913px\" \/>\r\n                    <div class=\"h-image__frame h-hide-lg h-hide-md h-hide-sm style-323-frameImage style-local-6541-c16-frameImage\"><\/div>\r\n                  <\/div>\r\n                <\/div>\r\n              <\/div>\r\n            <\/div>\r\n          <\/div>\r\n        <\/div>\r\n      <\/div>\r\n    <\/div>\r\n  <\/div>\r\n<\/div>\r\n<\/div>","protected":false},"excerpt":{"rendered":"<p>Contactez-nous 81\/83 RUE ELIS\u00c9E RECLUS 69150 DECINES CHARPIEU 04 72 84 91 85 Votre demande a bien \u00e9t\u00e9 envoy\u00e9e, nous vous recontacterons d\u00e8s que possible.<\/p>\n","protected":false},"author":1,"featured_media":0,"parent":0,"menu_order":6,"comment_status":"closed","ping_status":"closed","template":"page-templates\/full-width-page.php","meta":{"_monsterinsights_skip_tracking":false,"_monsterinsights_sitenote_active":false,"_monsterinsights_sitenote_note":"","_monsterinsights_sitenote_category":0,"footnotes":""},"class_list":["post-6541","page","type-page","status-publish","hentry"],"aioseo_notices":[],"_links":{"self":[{"href":"https:\/\/www.eco-performance.eu\/index.php?rest_route=\/wp\/v2\/pages\/6541","targetHints":{"allow":["GET"]}}],"collection":[{"href":"https:\/\/www.eco-performance.eu\/index.php?rest_route=\/wp\/v2\/pages"}],"about":[{"href":"https:\/\/www.eco-performance.eu\/index.php?rest_route=\/wp\/v2\/types\/page"}],"author":[{"embeddable":true,"href":"https:\/\/www.eco-performance.eu\/index.php?rest_route=\/wp\/v2\/users\/1"}],"replies":[{"embeddable":true,"href":"https:\/\/www.eco-performance.eu\/index.php?rest_route=%2Fwp%2Fv2%2Fcomments&post=6541"}],"version-history":[{"count":3,"href":"https:\/\/www.eco-performance.eu\/index.php?rest_route=\/wp\/v2\/pages\/6541\/revisions"}],"predecessor-version":[{"id":6549,"href":"https:\/\/www.eco-performance.eu\/index.php?rest_route=\/wp\/v2\/pages\/6541\/revisions\/6549"}],"wp:attachment":[{"href":"https:\/\/www.eco-performance.eu\/index.php?rest_route=%2Fwp%2Fv2%2Fmedia&parent=6541"}],"curies":[{"name":"wp","href":"https:\/\/api.w.org\/{rel}","templated":true}]}}