{"id":6570,"date":"2021-04-06T08:16:32","date_gmt":"2021-04-06T06:16:32","guid":{"rendered":"https:\/\/www.eco-performance.eu\/?page_id=6570"},"modified":"2023-03-24T09:11:56","modified_gmt":"2023-03-24T08:11:56","slug":"lyon","status":"publish","type":"page","link":"https:\/\/www.eco-performance.eu\/?page_id=6570","title":{"rendered":"Lyon"},"content":{"rendered":"<div data-colibri-id=\"6570-c1\" class=\"style-796 style-local-6570-c1 position-relative\">\r\n  <!---->\r\n  <div data-colibri-component=\"section\" data-colibri-id=\"6570-c2\" data-aos=\"fadeInDown\" id=\"custom\" class=\"h-section h-section-global-spacing d-flex align-items-lg-center align-items-md-center align-items-center style-801 style-local-6570-c2 position-relative\">\r\n    <div class=\"background-wrapper\">\r\n      <div class=\"background-layer background-layer-media-container-lg\">\r\n        <!---->\r\n        <div class=\"overlay-layer\">\r\n          <div class=\"overlay-image-layer\" style=\"background-color: rgb(0, 0, 0); opacity: 0.3;\"><\/div>\r\n        <\/div>\r\n      <\/div>\r\n      <div class=\"background-layer background-layer-media-container-md\">\r\n        <!---->\r\n        <div class=\"overlay-layer\">\r\n          <div class=\"overlay-image-layer\" style=\"background-color: rgb(0, 0, 0); opacity: 0.3;\"><\/div>\r\n        <\/div>\r\n      <\/div>\r\n      <div class=\"background-layer background-layer-media-container\">\r\n        <!---->\r\n        <div class=\"overlay-layer\">\r\n          <div class=\"overlay-image-layer\" style=\"background-color: rgb(0, 0, 0); opacity: 0.3;\"><\/div>\r\n        <\/div>\r\n      <\/div>\r\n    <\/div>\r\n    <!---->\r\n    <div class=\"h-section-grid-container h-section-fluid-container\">\r\n      <!---->\r\n      <div data-colibri-id=\"6570-c3\" class=\"h-row-container gutters-row-lg-2 gutters-row-md-2 gutters-row-0 gutters-row-v-lg-2 gutters-row-v-md-2 gutters-row-v-2 style-802 style-local-6570-c3 position-relative\">\r\n        <!---->\r\n        <div class=\"h-row justify-content-lg-center justify-content-md-center justify-content-center align-items-lg-stretch align-items-md-stretch align-items-stretch gutters-col-lg-2 gutters-col-md-2 gutters-col-0 gutters-col-v-lg-2 gutters-col-v-md-2 gutters-col-v-2\">\r\n          <!---->\r\n          <div class=\"h-column h-column-container d-flex h-col-lg-auto h-col-md-auto h-col-auto style-803-outer style-local-6570-c4-outer\">\r\n            <div data-colibri-id=\"6570-c4\" class=\"d-flex h-flex-basis h-column__inner h-px-lg-2 h-px-md-2 h-px-2 v-inner-lg-2 v-inner-md-2 v-inner-2 style-803 style-local-6570-c4 position-relative\">\r\n              <!---->\r\n              <!---->\r\n              <div class=\"w-100 h-y-container h-column__content h-column__v-align flex-basis-100 align-self-lg-start align-self-md-start align-self-start\">\r\n                <!---->\r\n                <div data-colibri-id=\"6570-c5\" class=\"h-global-transition-all h-heading style-804 style-local-6570-c5 position-relative h-element\">\r\n                  <!---->\r\n                  <div class=\"h-heading__outer style-804 style-local-6570-c5\">\r\n                    <!---->\r\n                    <!---->\r\n                    <h1 class=\"\">Agence de Lyon<\/h1>\r\n                  <\/div>\r\n                <\/div>\r\n                <div data-colibri-id=\"6570-c6\" class=\"h-global-transition-all h-heading style-805 style-local-6570-c6 position-relative h-element\">\r\n                  <!---->\r\n                  <div class=\"h-heading__outer style-805 style-local-6570-c6\">\r\n                    <!---->\r\n                    <!---->\r\n                    <h2 class=\"\">81<span style=\"font-family: &quot;Source Sans Pro&quot;;\">\/83 rue Elis\u00e9e Reclus<br>69150 D\u00e9cines-Charpieu<\/span><\/h2>\r\n                  <\/div>\r\n                <\/div>\r\n              <\/div>\r\n            <\/div>\r\n          <\/div>\r\n        <\/div>\r\n      <\/div>\r\n      <div data-colibri-id=\"6570-c7\" class=\"h-row-container gutters-row-lg-2 gutters-row-md-2 gutters-row-0 gutters-row-v-lg-2 gutters-row-v-md-2 gutters-row-v-2 style-826 style-local-6570-c7 position-relative\">\r\n        <!---->\r\n        <div class=\"h-row justify-content-lg-center justify-content-md-center justify-content-center align-items-lg-stretch align-items-md-stretch align-items-stretch gutters-col-lg-2 gutters-col-md-2 gutters-col-0 gutters-col-v-lg-2 gutters-col-v-md-2 gutters-col-v-2\">\r\n          <!---->\r\n          <div class=\"h-column h-column-container d-flex h-col-lg-auto h-col-md-auto h-col-auto style-827-outer style-local-6570-c8-outer\">\r\n            <div data-colibri-id=\"6570-c8\" class=\"d-flex h-flex-basis h-column__inner h-px-lg-2 h-px-md-2 h-px-2 v-inner-lg-2 v-inner-md-2 v-inner-2 style-827 style-local-6570-c8 position-relative\">\r\n              <!---->\r\n              <!---->\r\n              <div class=\"w-100 h-y-container h-column__content h-column__v-align flex-basis-100 align-self-lg-start align-self-md-start align-self-start\">\r\n                <!---->\r\n                <div data-colibri-id=\"6570-c9\" class=\"h-x-container style-828 style-local-6570-c9 position-relative h-element\">\r\n                  <!---->\r\n                  <div class=\"h-x-container-inner style-dynamic-6570-c9-group style-828-spacing style-local-6570-c9-spacing\"><span class=\"h-button__outer style-829-outer style-local-6570-c10-outer d-inline-flex h-element\"><a h-use-smooth-scroll=\"true\" href=\"https:\/\/www.eco-performance.eu\/contact\/\"  data-colibri-id=\"6570-c10\" class=\"d-flex w-100 align-items-center h-button justify-content-lg-center justify-content-md-center justify-content-center style-829 style-local-6570-c10 position-relative\"><!----><!----> <span>Prendre RDV en ligne<\/span><\/a>\r\n                    <\/span>\r\n                  <\/div>\r\n                <\/div>\r\n              <\/div>\r\n            <\/div>\r\n          <\/div>\r\n        <\/div>\r\n      <\/div>\r\n    <\/div>\r\n  <\/div>\r\n  <div data-colibri-component=\"section\" data-colibri-id=\"6570-c11\" id=\"about\" class=\"h-section h-section-global-spacing d-flex align-items-lg-center align-items-md-center align-items-center style-806 style-local-6570-c11 position-relative\">\r\n    <!---->\r\n    <!---->\r\n    <div class=\"h-section-grid-container h-section-boxed-container\">\r\n      <!---->\r\n      <div data-colibri-id=\"6570-c12\" class=\"h-row-container gutters-row-lg-0 gutters-row-md-0 gutters-row-0 gutters-row-v-lg-0 gutters-row-v-md-0 gutters-row-v-0 style-807 style-local-6570-c12 position-relative\">\r\n        <!---->\r\n        <div class=\"h-row justify-content-lg-center justify-content-md-center justify-content-center align-items-lg-stretch align-items-md-stretch align-items-stretch gutters-col-lg-0 gutters-col-md-0 gutters-col-0 gutters-col-v-lg-0 gutters-col-v-md-0 gutters-col-v-0\">\r\n          <!---->\r\n          <div class=\"h-column h-column-container d-flex h-col-lg-auto h-col-md-auto h-col-auto style-808-outer style-local-6570-c13-outer\">\r\n            <div data-colibri-id=\"6570-c13\" class=\"d-flex h-flex-basis h-column__inner h-px-lg-0 h-px-md-0 h-px-0 v-inner-lg-0 v-inner-md-0 v-inner-0 style-808 style-local-6570-c13 position-relative\">\r\n              <!---->\r\n              <!---->\r\n              <div class=\"w-100 h-y-container h-column__content h-column__v-align flex-basis-100 align-self-lg-start align-self-md-start align-self-start\">\r\n                <!---->\r\n                <div data-colibri-id=\"6570-c14\" class=\"h-global-transition-all h-heading style-809 style-local-6570-c14 position-relative h-element\">\r\n                  <!---->\r\n                  <div class=\"h-heading__outer style-809 style-local-6570-c14\">\r\n                    <!---->\r\n                    <!---->\r\n                    <h5 class=\"\">Eco-performance<\/h5>\r\n                  <\/div>\r\n                <\/div>\r\n                <div data-colibri-id=\"6570-c15\" class=\"h-global-transition-all h-heading style-810 style-local-6570-c15 position-relative h-element\">\r\n                  <!---->\r\n                  <div class=\"h-heading__outer style-810 style-local-6570-c15\">\r\n                    <!---->\r\n                    <!---->\r\n                    <h2 class=\"\">D\u00e9couvrez notre&nbsp;<em style=\"font-family: &quot;Playfair Display&quot;;\">agence<\/em> de&nbsp;<em style=\"font-family: &quot;Playfair Display&quot;;\">Lyon&nbsp;<\/em>en vid\u00e9o<\/h2>\r\n                  <\/div>\r\n                <\/div>\r\n                <div data-colibri-id=\"6570-c16\" class=\"h-text h-text-component style-811 style-local-6570-c16 position-relative h-element\">\r\n                  <!---->\r\n                  <!---->\r\n                  <div class=\"\">\r\n                    <h4><span style=\"font-family: &quot;Source Sans Pro&quot;; font-weight: 300;\">Eco Performance installe son si\u00e8ge social au sein de la proche banlieue de la m\u00e9tropole \u00e9conomique fran\u00e7aise : Lyon.<\/span><\/h4>\r\n                    <p>\r\n                      <br>\r\n                    <\/p>\r\n                  <\/div>\r\n                <\/div>\r\n              <\/div>\r\n            <\/div>\r\n          <\/div>\r\n          <div class=\"h-column h-column-container d-flex h-col-lg-auto h-col-md-auto h-col-auto style-812-outer style-local-6570-c17-outer\">\r\n            <div data-colibri-id=\"6570-c17\" class=\"d-flex h-flex-basis h-column__inner h-px-lg-0 h-px-md-0 h-px-0 v-inner-lg-0 v-inner-md-0 v-inner-0 style-812 style-local-6570-c17 position-relative\">\r\n              <!---->\r\n              <!---->\r\n              <div class=\"w-100 h-y-container h-column__content h-column__v-align flex-basis-100 align-self-lg-center align-self-md-center align-self-start\">\r\n                <!---->\r\n                <div data-colibri-component=\"video\" data-colibri-id=\"6570-c18\" class=\"d-block h-video d-block h-video style-813 style-local-6570-c18 position-relative h-element\">\r\n                  <!---->\r\n                  <!---->\r\n                  <div class=\"video-container position-relative\">\r\n                    <div class=\"h-global-transition-all ratio-inner\"><video class=\"h-video-main\"  ><source src=\"https:\/\/www.eco-performance.eu\/wp-content\/uploads\/2021\/04\/ECO-PERFORMANCE-REDUIT-125GO.mp4\" type=\"video\/mp4\" \/><\/video><\/div>\r\n                  <\/div>\r\n                <\/div>\r\n              <\/div>\r\n            <\/div>\r\n          <\/div>\r\n        <\/div>\r\n      <\/div>\r\n    <\/div>\r\n  <\/div>\r\n  <div data-colibri-component=\"section\" data-colibri-id=\"6570-c20\" id=\"photo-gallery\" class=\"h-section h-section-global-spacing d-flex align-items-lg-center align-items-md-center align-items-center style-815 style-local-6570-c20 position-relative\">\r\n    <!---->\r\n    <!---->\r\n    <div class=\"h-section-grid-container h-section-boxed-container\">\r\n      <!---->\r\n      <div data-colibri-id=\"6570-c21\" class=\"h-row-container gutters-row-lg-1 gutters-row-md-1 gutters-row-2 gutters-row-v-lg-1 gutters-row-v-md-1 gutters-row-v-2 style-816 style-local-6570-c21 position-relative\">\r\n        <!---->\r\n        <div class=\"h-row justify-content-lg-center justify-content-md-center justify-content-center align-items-lg-stretch align-items-md-stretch align-items-stretch gutters-col-lg-1 gutters-col-md-1 gutters-col-2 gutters-col-v-lg-1 gutters-col-v-md-1 gutters-col-v-2\">\r\n          <!---->\r\n          <div class=\"h-column h-column-container d-flex h-col-lg-auto h-col-md-auto h-col-auto style-817-outer style-local-6570-c22-outer\">\r\n            <div data-colibri-id=\"6570-c22\" class=\"d-flex h-flex-basis h-column__inner h-px-lg-2 h-px-md-2 h-px-2 v-inner-lg-2 v-inner-md-2 v-inner-2 style-817 style-local-6570-c22 position-relative\">\r\n              <!---->\r\n              <!---->\r\n              <div class=\"w-100 h-y-container h-column__content h-column__v-align flex-basis-100 align-self-lg-center align-self-md-center align-self-center\">\r\n                <!---->\r\n                <div data-colibri-id=\"6570-c23\" class=\"h-global-transition-all h-heading style-818 style-local-6570-c23 position-relative h-element\">\r\n                  <!---->\r\n                  <div class=\"h-heading__outer style-818 style-local-6570-c23\">\r\n                    <!---->\r\n                    <!---->\r\n                    <h2 class=\"\">Lyon, une m\u00e9tropole strat\u00e9gique dans le monde des \u00e9nergies renouvelables<\/h2>\r\n                  <\/div>\r\n                <\/div>\r\n                <div data-colibri-id=\"6570-c24\" class=\"h-lead h-text h-text-component style-819 style-local-6570-c24 position-relative h-element\">\r\n                  <!---->\r\n                  <!---->\r\n                  <div class=\"\">\r\n                    <p><span style=\"font-family: &quot;Source Sans Pro&quot;;\">Eco Performance installe son si\u00e8ge social au sein de la proche banlieue de la m\u00e9tropole \u00e9conomique fran\u00e7aise : Lyon. Toute son activit\u00e9 technique, commerciale et administrative est regroup\u00e9e dans ses locaux situ\u00e9s au 81\/83 rue \u00c9lis\u00e9e Reclus \u00e0 D\u00e9cines Charpieu. Forte de ses 10 ans d\u2019exp\u00e9riences dans le secteur des \u00e9nergies renouvelables, Eco Performance vous propose ses produits et services innovants Reconnus Garants de l\u2019Environnement (RGE).<br><br>Le label RGE a \u00e9t\u00e9 instaur\u00e9 en 2011 pour permettre aux particuliers, d\u00e9sireux d\u2019effectuer des travaux d\u2019\u00e9conomie d\u2019\u00e9nergie chez eux, de faire appel \u00e0 des professionnels comp\u00e9tents et qualifi\u00e9s. Il s\u2019agit d\u2019une garantie de qualit\u00e9 pour trouver un professionnel reconnu. Depuis le 1er juillet 2014, il existe un principe fondamental qui est l\u2019\u00e9co-conditionnalit\u00e9. Il consiste en des aides de l\u2019\u00c9tat et des d\u00e9ductions fiscales accord\u00e9es aux particuliers qui font appel \u00e0 des professionnels RGE pour des travaux d\u2019am\u00e9lioration de l\u2019efficacit\u00e9 \u00e9nerg\u00e9tique de leur habitation.<br><br>Eco Performance Lyon met en place des habitations \u00e0 visiter dans la r\u00e9gion. Pour cela, contactez-nous d\u00e8s \u00e0 pr\u00e9sent via notre&nbsp;<\/span>\r\n                      <a\r\n                        href=\"https:\/\/www.eco-performance.eu\/contact\" style=\"font-family: &quot;Source Sans Pro&quot;; color: rgb(0, 0, 0); font-size: 20px; font-weight: 300;\">\r\n                        <u>formulaire de contact&nbsp;<\/u>\r\n                        <\/a><span style=\"font-family: &quot;Source Sans Pro&quot;;\">et demandez un rendez-vous \u00e0 nos \u00e9quipes pour visiter nos installations et prestations : Panneaux photovolta\u00efques, Panneaux photovolta\u00efques hybrides, Pompe \u00e0 chaleur Air\/Air, Pompe \u00e0 chaleur Air\/Eau, Ballon thermodynamique, Isolation, calorifugeage \u2026 Vous pouvez \u00e9galement visiter nos maisons enti\u00e8rement r\u00e9nov\u00e9es \u00e9nerg\u00e9tiquement, afin de passer \u00e0 l\u2019autoconsommation.<\/span><\/p>\r\n                    <p>\r\n                      <br>\r\n                    <\/p>\r\n                  <\/div>\r\n                <\/div>\r\n              <\/div>\r\n            <\/div>\r\n          <\/div>\r\n          <div class=\"h-column h-column-container d-flex h-col-lg-auto h-col-md-auto h-col-auto style-820-outer style-local-6570-c25-outer\">\r\n            <div data-colibri-id=\"6570-c25\" class=\"d-flex h-flex-basis h-column__inner h-px-lg-0 h-px-md-0 h-px-0 v-inner-lg-0 v-inner-md-0 v-inner-0 style-820 style-local-6570-c25 position-relative\">\r\n              <!---->\r\n              <!---->\r\n              <div class=\"w-100 h-y-container h-column__content h-column__v-align flex-basis-100 align-self-lg-center align-self-md-center align-self-center\">\r\n                <!---->\r\n                <div data-colibri-component=\"masonry\" data-colibri-id=\"6570-c26\" data-aos=\"fadeInRight\" class=\"h-photo-gallery margin-none caption-none style-821 style-local-6570-c26 position-relative h-element\">\r\n                  <!---->\r\n                  <div class=\"h-global-transition-all\"><div id='colibri-6570-c26' class='gallery-wrapper'>    <style type=\"text\/css\">\n\n        @media (min-width: 1023px) {        #colibri-6570-c26        dl {\n            float: left;\n            width: 50% !important;\n            max-width: 50% !important;\n            min-width: 50% !important;\n        }\n\n        #colibri-6570-c26        dl:nth-of-type(2n +1 ) {\n            clear: both;\n        }\n\n        }@media (min-width: 768px) and (max-width: 1023px) {        #colibri-6570-c26        dl {\n            float: left;\n            width: 50% !important;\n            max-width: 50% !important;\n            min-width: 50% !important;\n        }\n\n        #colibri-6570-c26        dl:nth-of-type(2n +1 ) {\n            clear: both;\n        }\n\n        }@media (max-width: 767px) {        #colibri-6570-c26        dl {\n            float: left;\n            width: 50% !important;\n            max-width: 50% !important;\n            min-width: 50% !important;\n        }\n\n        #colibri-6570-c26        dl:nth-of-type(2n +1 ) {\n            clear: both;\n        }\n\n        }\n        #colibri-6570-c26        .gallery-item {\n            position: relative;\n        }\n\n        \n    <\/style>\n    <div   class='colibri-6570-c26-dls-wrapper gallery-items-wrapper' ><dl class='gallery-item masonry-item'>\n\t\t\t<dt class='gallery-icon landscape'>\n\t\t\t\t<a data-fancybox=\"colibri-6570-c26-group\" href='https:\/\/www.eco-performance.eu\/wp-content\/uploads\/2022\/01\/cropped-ECO-PERF-scaled-1.jpg'><img loading=\"lazy\" decoding=\"async\"  width=\"300\" height=\"248\" src=\"https:\/\/www.eco-performance.eu\/wp-content\/uploads\/2022\/01\/cropped-ECO-PERF-scaled-1-300x248.jpg\"  class='colibri-6570-c26-image' alt=\"Eco-performance sp\u00e9cialiste des travaux d&#039;\u00e9nergies de votre logement.\" aria-describedby=\"gallery-1-7732\" srcset=\"https:\/\/www.eco-performance.eu\/wp-content\/uploads\/2022\/01\/cropped-ECO-PERF-scaled-1-300x248.jpg 300w, https:\/\/www.eco-performance.eu\/wp-content\/uploads\/2022\/01\/cropped-ECO-PERF-scaled-1-1024x848.jpg 1024w, https:\/\/www.eco-performance.eu\/wp-content\/uploads\/2022\/01\/cropped-ECO-PERF-scaled-1-768x636.jpg 768w, https:\/\/www.eco-performance.eu\/wp-content\/uploads\/2022\/01\/cropped-ECO-PERF-scaled-1-1536x1272.jpg 1536w, https:\/\/www.eco-performance.eu\/wp-content\/uploads\/2022\/01\/cropped-ECO-PERF-scaled-1-2048x1696.jpg 2048w\" sizes=\"auto, (max-width: 300px) 100vw, 300px\" \/><\/a>\n\t\t\t<\/dt>\n\t\t\t\t<div class=\"gallery-caption__wrapper\"><dd class='wp-caption-text gallery-caption' id='gallery-1-7732'>\n\t\t\t\tInstallateur d&rsquo;\u00e9nergie renouvelable Rh\u00f4ne Alpes\n\t\t\t\t<\/dd><\/div><\/dl><dl class='gallery-item masonry-item'>\n\t\t\t<dt class='gallery-icon landscape'>\n\t\t\t\t<a data-fancybox=\"colibri-6570-c26-group\" href='https:\/\/www.eco-performance.eu\/wp-content\/uploads\/2021\/04\/P6490729-scaled.jpg'><img loading=\"lazy\" decoding=\"async\"  width=\"300\" height=\"225\" src=\"https:\/\/www.eco-performance.eu\/wp-content\/uploads\/2021\/04\/P6490729-300x225.jpg\"  class='colibri-6570-c26-image' alt=\"Eco-performance lyon\" \/><\/a>\n\t\t\t<\/dt><\/dl><dl class='gallery-item masonry-item'>\n\t\t\t<dt class='gallery-icon landscape'>\n\t\t\t\t<a data-fancybox=\"colibri-6570-c26-group\" href='https:\/\/www.eco-performance.eu\/wp-content\/uploads\/2021\/04\/P6970777-scaled.jpg'><img loading=\"lazy\" decoding=\"async\"  width=\"300\" height=\"225\" src=\"https:\/\/www.eco-performance.eu\/wp-content\/uploads\/2021\/04\/P6970777-300x225.jpg\"  class='colibri-6570-c26-image' alt=\"Eco-performance lyon\" srcset=\"https:\/\/www.eco-performance.eu\/wp-content\/uploads\/2021\/04\/P6970777-300x225.jpg 300w, https:\/\/www.eco-performance.eu\/wp-content\/uploads\/2021\/04\/P6970777-1024x768.jpg 1024w, https:\/\/www.eco-performance.eu\/wp-content\/uploads\/2021\/04\/P6970777-768x576.jpg 768w, https:\/\/www.eco-performance.eu\/wp-content\/uploads\/2021\/04\/P6970777-1536x1152.jpg 1536w, https:\/\/www.eco-performance.eu\/wp-content\/uploads\/2021\/04\/P6970777-2048x1536.jpg 2048w\" sizes=\"auto, (max-width: 300px) 100vw, 300px\" \/><\/a>\n\t\t\t<\/dt><\/dl><dl class='gallery-item masonry-item'>\n\t\t\t<dt class='gallery-icon landscape'>\n\t\t\t\t<a data-fancybox=\"colibri-6570-c26-group\" href='https:\/\/www.eco-performance.eu\/wp-content\/uploads\/2021\/04\/P6990779-scaled.jpg'><img loading=\"lazy\" decoding=\"async\"  width=\"300\" height=\"225\" src=\"https:\/\/www.eco-performance.eu\/wp-content\/uploads\/2021\/04\/P6990779-300x225.jpg\"  class='colibri-6570-c26-image' alt=\"Eco-performance lyon\" srcset=\"https:\/\/www.eco-performance.eu\/wp-content\/uploads\/2021\/04\/P6990779-300x225.jpg 300w, https:\/\/www.eco-performance.eu\/wp-content\/uploads\/2021\/04\/P6990779-1024x768.jpg 1024w, https:\/\/www.eco-performance.eu\/wp-content\/uploads\/2021\/04\/P6990779-768x576.jpg 768w, https:\/\/www.eco-performance.eu\/wp-content\/uploads\/2021\/04\/P6990779-1536x1152.jpg 1536w, https:\/\/www.eco-performance.eu\/wp-content\/uploads\/2021\/04\/P6990779-2048x1536.jpg 2048w\" sizes=\"auto, (max-width: 300px) 100vw, 300px\" \/><\/a>\n\t\t\t<\/dt><\/dl><dl class='gallery-item masonry-item'>\n\t\t\t<dt class='gallery-icon landscape'>\n\t\t\t\t<a data-fancybox=\"colibri-6570-c26-group\" href='https:\/\/www.eco-performance.eu\/wp-content\/uploads\/2021\/04\/image002-scaled.jpg'><img loading=\"lazy\" decoding=\"async\"  width=\"300\" height=\"225\" src=\"https:\/\/www.eco-performance.eu\/wp-content\/uploads\/2021\/04\/image002-300x225.jpg\"  class='colibri-6570-c26-image' alt=\"Eco-performance lyon\" srcset=\"https:\/\/www.eco-performance.eu\/wp-content\/uploads\/2021\/04\/image002-300x225.jpg 300w, https:\/\/www.eco-performance.eu\/wp-content\/uploads\/2021\/04\/image002-1024x768.jpg 1024w, https:\/\/www.eco-performance.eu\/wp-content\/uploads\/2021\/04\/image002-768x576.jpg 768w, https:\/\/www.eco-performance.eu\/wp-content\/uploads\/2021\/04\/image002-1536x1152.jpg 1536w, https:\/\/www.eco-performance.eu\/wp-content\/uploads\/2021\/04\/image002-2048x1536.jpg 2048w\" sizes=\"auto, (max-width: 300px) 100vw, 300px\" \/><\/a>\n\t\t\t<\/dt><\/dl><dl class='gallery-item masonry-item'>\n\t\t\t<dt class='gallery-icon landscape'>\n\t\t\t\t<a data-fancybox=\"colibri-6570-c26-group\" href='https:\/\/www.eco-performance.eu\/wp-content\/uploads\/2021\/04\/image003-scaled.jpg'><img loading=\"lazy\" decoding=\"async\"  width=\"300\" height=\"225\" src=\"https:\/\/www.eco-performance.eu\/wp-content\/uploads\/2021\/04\/image003-300x225.jpg\"  class='colibri-6570-c26-image' alt=\"Eco-performance lyon\" srcset=\"https:\/\/www.eco-performance.eu\/wp-content\/uploads\/2021\/04\/image003-300x225.jpg 300w, https:\/\/www.eco-performance.eu\/wp-content\/uploads\/2021\/04\/image003-1024x768.jpg 1024w, https:\/\/www.eco-performance.eu\/wp-content\/uploads\/2021\/04\/image003-768x576.jpg 768w, https:\/\/www.eco-performance.eu\/wp-content\/uploads\/2021\/04\/image003-1536x1152.jpg 1536w, https:\/\/www.eco-performance.eu\/wp-content\/uploads\/2021\/04\/image003-2048x1536.jpg 2048w\" sizes=\"auto, (max-width: 300px) 100vw, 300px\" \/><\/a>\n\t\t\t<\/dt><\/dl><dl class='gallery-item masonry-item'>\n\t\t\t<dt class='gallery-icon landscape'>\n\t\t\t\t<a data-fancybox=\"colibri-6570-c26-group\" href='https:\/\/www.eco-performance.eu\/wp-content\/uploads\/2021\/04\/unnamed-scaled.jpg'><img loading=\"lazy\" decoding=\"async\"  width=\"300\" height=\"225\" src=\"https:\/\/www.eco-performance.eu\/wp-content\/uploads\/2021\/04\/unnamed-300x225.jpg\"  class='colibri-6570-c26-image' alt=\"Eco-performance lyon\" srcset=\"https:\/\/www.eco-performance.eu\/wp-content\/uploads\/2021\/04\/unnamed-300x225.jpg 300w, https:\/\/www.eco-performance.eu\/wp-content\/uploads\/2021\/04\/unnamed-1024x768.jpg 1024w, https:\/\/www.eco-performance.eu\/wp-content\/uploads\/2021\/04\/unnamed-768x576.jpg 768w, https:\/\/www.eco-performance.eu\/wp-content\/uploads\/2021\/04\/unnamed-1536x1152.jpg 1536w, https:\/\/www.eco-performance.eu\/wp-content\/uploads\/2021\/04\/unnamed-2048x1536.jpg 2048w\" sizes=\"auto, (max-width: 300px) 100vw, 300px\" \/><\/a>\n\t\t\t<\/dt><\/dl>\n\t\t\t\n\t\t<\/div>\n<style>#colibri-6570-c26 .wp-caption-text.gallery-caption{display:none;}<\/style><\/div><\/div>\r\n                <\/div>\r\n              <\/div>\r\n            <\/div>\r\n          <\/div>\r\n        <\/div>\r\n      <\/div>\r\n    <\/div>\r\n  <\/div>\r\n<\/div>","protected":false},"excerpt":{"rendered":"<p>Agence de Lyon 81\/83 rue Elis\u00e9e Reclus69150 D\u00e9cines-Charpieu Prendre RDV en ligne Eco-performance D\u00e9couvrez notre&nbsp;agence de&nbsp;Lyon&nbsp;en vid\u00e9o Eco Performance installe son si\u00e8ge social au sein de la proche banlieue de la m\u00e9tropole \u00e9conomique fran\u00e7aise : Lyon. Lyon, une m\u00e9tropole strat\u00e9gique dans le monde des \u00e9nergies renouvelables Eco Performance installe son si\u00e8ge social au sein de [&hellip;]<\/p>\n","protected":false},"author":1,"featured_media":0,"parent":0,"menu_order":0,"comment_status":"closed","ping_status":"closed","template":"page-templates\/full-width-page.php","meta":{"_monsterinsights_skip_tracking":false,"_monsterinsights_sitenote_active":false,"_monsterinsights_sitenote_note":"","_monsterinsights_sitenote_category":0,"footnotes":""},"class_list":["post-6570","page","type-page","status-publish","hentry"],"aioseo_notices":[],"_links":{"self":[{"href":"https:\/\/www.eco-performance.eu\/index.php?rest_route=\/wp\/v2\/pages\/6570","targetHints":{"allow":["GET"]}}],"collection":[{"href":"https:\/\/www.eco-performance.eu\/index.php?rest_route=\/wp\/v2\/pages"}],"about":[{"href":"https:\/\/www.eco-performance.eu\/index.php?rest_route=\/wp\/v2\/types\/page"}],"author":[{"embeddable":true,"href":"https:\/\/www.eco-performance.eu\/index.php?rest_route=\/wp\/v2\/users\/1"}],"replies":[{"embeddable":true,"href":"https:\/\/www.eco-performance.eu\/index.php?rest_route=%2Fwp%2Fv2%2Fcomments&post=6570"}],"version-history":[{"count":20,"href":"https:\/\/www.eco-performance.eu\/index.php?rest_route=\/wp\/v2\/pages\/6570\/revisions"}],"predecessor-version":[{"id":11156,"href":"https:\/\/www.eco-performance.eu\/index.php?rest_route=\/wp\/v2\/pages\/6570\/revisions\/11156"}],"wp:attachment":[{"href":"https:\/\/www.eco-performance.eu\/index.php?rest_route=%2Fwp%2Fv2%2Fmedia&parent=6570"}],"curies":[{"name":"wp","href":"https:\/\/api.w.org\/{rel}","templated":true}]}}